{"id":8,"date":"2019-10-24T11:41:00","date_gmt":"2019-10-24T08:41:00","guid":{"rendered":"https:\/\/deittailutreffit24.wordpress.com\/?page_id=4"},"modified":"2023-08-10T14:42:08","modified_gmt":"2023-08-10T11:42:08","slug":"blog","status":"publish","type":"page","link":"https:\/\/treffit.suomi24.fi\/blogi\/","title":{"rendered":""},"content":{"rendered":"\n<div class=\"wp-block-cover alignfull is-light has-background-dim-NaN\"><span aria-hidden=\"true\" class=\"wp-block-cover__background has-background-dim\"><\/span><img data-recalc-dims=\"1\" loading=\"lazy\" decoding=\"async\" width=\"639\" height=\"412\" class=\"wp-block-cover__image-background wp-image-17\" alt=\"\" src=\"https:\/\/i0.wp.com\/treffit.suomi24.fi\/blogi\/wp-content\/uploads\/2019\/10\/landing-header_woman_man_lake-1.png?resize=639%2C412&#038;ssl=1\" style=\"object-position:52% 46%\" data-object-fit=\"cover\" data-object-position=\"52% 46%\" srcset=\"https:\/\/i0.wp.com\/treffit.suomi24.fi\/blogi\/wp-content\/uploads\/2019\/10\/landing-header_woman_man_lake-1.png?w=639&amp;ssl=1 639w, https:\/\/i0.wp.com\/treffit.suomi24.fi\/blogi\/wp-content\/uploads\/2019\/10\/landing-header_woman_man_lake-1.png?resize=300%2C193&amp;ssl=1 300w\" sizes=\"auto, (max-width: 639px) 100vw, 639px\" \/><div class=\"wp-block-cover__inner-container is-layout-flow wp-block-cover-is-layout-flow\">\n<h1 class=\"wp-block-heading has-text-align-center has-background-color has-text-color\">Deittailu ja suhteet &#8211; ajatuksia parisuhteista ja niiden muodostumisesta<\/h1>\n<\/div><\/div>\n\n\n\n<div style=\"height:20px\" aria-hidden=\"true\" class=\"wp-block-spacer\"><\/div>\n\n\n\n\n<ul style=\"padding-top:0;padding-bottom:0;padding-left:var(--wp--preset--spacing--30);padding-right:var(--wp--preset--spacing--30);\" class=\"wp-block-latest-posts__list has-dates wp-block-latest-posts has-large-font-size\"><li><a class=\"wp-block-latest-posts__post-title\" href=\"https:\/\/treffit.suomi24.fi\/blogi\/2022\/06\/08\/koituvatko-liiat-vaatimukset-sinkun-tuhoksi\/\">Koituvatko liiat vaatimukset sinkun tuhoksi?<\/a><time datetime=\"2022-06-08T16:18:06+03:00\" class=\"wp-block-latest-posts__post-date\">8 kes\u00e4kuun, 2022<\/time><\/li>\n<li><a class=\"wp-block-latest-posts__post-title\" href=\"https:\/\/treffit.suomi24.fi\/blogi\/2022\/05\/10\/itsetunto-ja-parisuhde-pitaako-itseaan-rakastaa-kuten-toista\/\">Itsetunto ja parisuhde: pit\u00e4\u00e4k\u00f6 itse\u00e4\u00e4n rakastaa ennen Sit\u00e4 Oikeaa?<\/a><time datetime=\"2022-05-10T15:41:24+03:00\" class=\"wp-block-latest-posts__post-date\">10 toukokuun, 2022<\/time><\/li>\n<li><a class=\"wp-block-latest-posts__post-title\" href=\"https:\/\/treffit.suomi24.fi\/blogi\/2022\/04\/22\/onko-puumia-olemassa\/\">Onko puumia olemassa?<\/a><time datetime=\"2022-04-22T10:17:09+03:00\" class=\"wp-block-latest-posts__post-date\">22 huhtikuun, 2022<\/time><\/li>\n<li><a class=\"wp-block-latest-posts__post-title\" href=\"https:\/\/treffit.suomi24.fi\/blogi\/2022\/03\/24\/miksi-aloitteen-tekeminen-on-naisille-vaikeaa\/\">Miksi aloitteen tekeminen on naisille vaikeaa?<\/a><time datetime=\"2022-03-24T16:58:26+02:00\" class=\"wp-block-latest-posts__post-date\">24 maaliskuun, 2022<\/time><\/li>\n<li><a class=\"wp-block-latest-posts__post-title\" href=\"https:\/\/treffit.suomi24.fi\/blogi\/2022\/03\/02\/treffikumppani-ei-vastaa-missa-vika\/\">Treffikumppani ei vastaa \u2013 miss\u00e4 vika?<\/a><time datetime=\"2022-03-02T14:38:19+02:00\" class=\"wp-block-latest-posts__post-date\">2 maaliskuun, 2022<\/time><\/li>\n<\/ul>\n\n\n<div style=\"height:20px\" aria-hidden=\"true\" class=\"wp-block-spacer\"><\/div>\n\n\n\n<hr class=\"wp-block-separator has-css-opacity is-style-wide\"\/>\n\n\n\n<h3 class=\"wp-block-heading has-text-align-left\">Tilaa uutiskirje<\/h3>\n\n\n\n<p class=\"has-text-align-left\">Saat uusimmat Treffit24-kuulumiset suoraan s\u00e4hk\u00f6postiisi!<\/p>\n\n\n<div class=\"wp-block-jetpack-contact-form is-layout-flex wp-container-jetpack-contact-form-is-layout-2b4208ba wp-block-jetpack-contact-form-is-layout-flex\"><a href=\"https:\/\/treffit.suomi24.fi\/blogi\/\" target=\"_blank\" rel=\"noopener noreferrer\">Submit a form.<\/a><\/div>\n\n\n<p class=\"has-small-font-size\">Treffit24 on kotimainen deittipalvelu. Olemme j\u00e4rjest\u00e4neet tuhansia suomalaisia treffej\u00e4 jo vuodesta 2005. Treffeiss\u00e4 on yli&nbsp;40 000&nbsp;aktiivista k\u00e4ytt\u00e4j\u00e4\u00e4 ja rakkaustarinoita syntyy jopa&nbsp;2000&nbsp;kuukaudessa!<\/p>\n\n\n\n<p class=\"has-small-font-size\">L\u00f6yd\u00e4 seuraa jo t\u00e4n\u00e4\u00e4n! <a href=\"https:\/\/treffit.suomi24.fi\/site\/login\/?utm_source=Treffit Blog &amp;utm_medium=homepagefooterlink&amp;utm_campaign=blog\">Treffit24.fi<\/a><\/p>\n\n\n\n<p><\/p>\n","protected":false},"excerpt":{"rendered":"<p>Tilaa uutiskirje Saat uusimmat Treffit24-kuulumiset suoraan s\u00e4hk\u00f6postiisi! Treffit24 on kotimainen deittipalvelu. Olemme j\u00e4rjest\u00e4neet tuhansia suomalaisia treffej\u00e4 jo vuodesta 2005. Treffeiss\u00e4 on yli&nbsp;40 000&nbsp;aktiivista k\u00e4ytt\u00e4j\u00e4\u00e4 ja rakkaustarinoita syntyy jopa&nbsp;2000&nbsp;kuukaudessa! L\u00f6yd\u00e4 seuraa jo t\u00e4n\u00e4\u00e4n! Treffit24.fi<\/p>\n","protected":false},"author":2,"featured_media":0,"parent":0,"menu_order":1,"comment_status":"closed","ping_status":"closed","template":"","meta":{"_editorskit_title_hidden":false,"_editorskit_reading_time":0,"_editorskit_is_block_options_detached":false,"_editorskit_block_options_position":"{}","footnotes":""},"class_list":["post-8","page","type-page","status-publish","hentry","entry"],"yoast_head":"<!-- This site is optimized with the Yoast SEO plugin v27.3 - https:\/\/yoast.com\/product\/yoast-seo-wordpress\/ -->\n<title>- Treffit24 Deittailu<\/title>\n<meta name=\"robots\" content=\"index, follow, max-snippet:-1, max-image-preview:large, max-video-preview:-1\" \/>\n<link rel=\"canonical\" href=\"https:\/\/treffit.suomi24.fi\/blogi\/\" \/>\n<meta property=\"og:locale\" content=\"fi_FI\" \/>\n<meta property=\"og:type\" content=\"article\" \/>\n<meta property=\"og:title\" content=\"- Treffit24 Deittailu\" \/>\n<meta property=\"og:description\" content=\"Tilaa uutiskirje Saat uusimmat Treffit24-kuulumiset suoraan s\u00e4hk\u00f6postiisi! Treffit24 on kotimainen deittipalvelu. Olemme j\u00e4rjest\u00e4neet tuhansia suomalaisia treffej\u00e4 jo vuodesta 2005. Treffeiss\u00e4 on yli&nbsp;40 000&nbsp;aktiivista k\u00e4ytt\u00e4j\u00e4\u00e4 ja rakkaustarinoita syntyy jopa&nbsp;2000&nbsp;kuukaudessa! L\u00f6yd\u00e4 seuraa jo t\u00e4n\u00e4\u00e4n! Treffit24.fi\" \/>\n<meta property=\"og:url\" content=\"https:\/\/treffit.suomi24.fi\/blogi\/\" \/>\n<meta property=\"og:site_name\" content=\"Treffit24 Deittailu\" \/>\n<meta property=\"article:modified_time\" content=\"2023-08-10T11:42:08+00:00\" \/>\n<meta property=\"og:image\" content=\"https:\/\/treffit.suomi24.fi\/blogi\/wp-content\/uploads\/2019\/10\/landing-header_woman_man_lake-1.png\" \/>\n<meta name=\"twitter:card\" content=\"summary_large_image\" \/>\n<meta name=\"twitter:label1\" content=\"Arvioitu lukuaika\" \/>\n\t<meta name=\"twitter:data1\" content=\"1 minuutti\" \/>\n<script type=\"application\/ld+json\" class=\"yoast-schema-graph\">{\"@context\":\"https:\\\/\\\/schema.org\",\"@graph\":[{\"@type\":\"WebPage\",\"@id\":\"https:\\\/\\\/treffit.suomi24.fi\\\/blogi\\\/\",\"url\":\"https:\\\/\\\/treffit.suomi24.fi\\\/blogi\\\/\",\"name\":\"- Treffit24 Deittailu\",\"isPartOf\":{\"@id\":\"https:\\\/\\\/treffit.suomi24.fi\\\/blogi\\\/#website\"},\"primaryImageOfPage\":{\"@id\":\"https:\\\/\\\/treffit.suomi24.fi\\\/blogi\\\/#primaryimage\"},\"image\":{\"@id\":\"https:\\\/\\\/treffit.suomi24.fi\\\/blogi\\\/#primaryimage\"},\"thumbnailUrl\":\"https:\\\/\\\/treffit.suomi24.fi\\\/blogi\\\/wp-content\\\/uploads\\\/2019\\\/10\\\/landing-header_woman_man_lake-1.png\",\"datePublished\":\"2019-10-24T08:41:00+00:00\",\"dateModified\":\"2023-08-10T11:42:08+00:00\",\"inLanguage\":\"fi\",\"potentialAction\":[{\"@type\":\"ReadAction\",\"target\":[\"https:\\\/\\\/treffit.suomi24.fi\\\/blogi\\\/\"]}]},{\"@type\":\"ImageObject\",\"inLanguage\":\"fi\",\"@id\":\"https:\\\/\\\/treffit.suomi24.fi\\\/blogi\\\/#primaryimage\",\"url\":\"https:\\\/\\\/i0.wp.com\\\/treffit.suomi24.fi\\\/blogi\\\/wp-content\\\/uploads\\\/2019\\\/10\\\/landing-header_woman_man_lake-1.png?fit=639%2C412&ssl=1\",\"contentUrl\":\"https:\\\/\\\/i0.wp.com\\\/treffit.suomi24.fi\\\/blogi\\\/wp-content\\\/uploads\\\/2019\\\/10\\\/landing-header_woman_man_lake-1.png?fit=639%2C412&ssl=1\",\"width\":639,\"height\":412},{\"@type\":\"WebSite\",\"@id\":\"https:\\\/\\\/treffit.suomi24.fi\\\/blogi\\\/#website\",\"url\":\"https:\\\/\\\/treffit.suomi24.fi\\\/blogi\\\/\",\"name\":\"Treffit24 Deittailu\",\"description\":\"\",\"publisher\":{\"@id\":\"https:\\\/\\\/treffit.suomi24.fi\\\/blogi\\\/#organization\"},\"potentialAction\":[{\"@type\":\"SearchAction\",\"target\":{\"@type\":\"EntryPoint\",\"urlTemplate\":\"https:\\\/\\\/treffit.suomi24.fi\\\/blogi\\\/?s={search_term_string}\"},\"query-input\":{\"@type\":\"PropertyValueSpecification\",\"valueRequired\":true,\"valueName\":\"search_term_string\"}}],\"inLanguage\":\"fi\"},{\"@type\":\"Organization\",\"@id\":\"https:\\\/\\\/treffit.suomi24.fi\\\/blogi\\\/#organization\",\"name\":\"Treffit24\",\"url\":\"https:\\\/\\\/treffit.suomi24.fi\\\/blogi\\\/\",\"logo\":{\"@type\":\"ImageObject\",\"inLanguage\":\"fi\",\"@id\":\"https:\\\/\\\/treffit.suomi24.fi\\\/blogi\\\/#\\\/schema\\\/logo\\\/image\\\/\",\"url\":\"https:\\\/\\\/treffit.suomi24.fi\\\/blogi\\\/wp-content\\\/uploads\\\/2021\\\/04\\\/cropped-cropped-treffit24_logo_color-2.png\",\"contentUrl\":\"https:\\\/\\\/treffit.suomi24.fi\\\/blogi\\\/wp-content\\\/uploads\\\/2021\\\/04\\\/cropped-cropped-treffit24_logo_color-2.png\",\"width\":311,\"height\":96,\"caption\":\"Treffit24\"},\"image\":{\"@id\":\"https:\\\/\\\/treffit.suomi24.fi\\\/blogi\\\/#\\\/schema\\\/logo\\\/image\\\/\"}}]}<\/script>\n<!-- \/ Yoast SEO plugin. -->","yoast_head_json":{"title":"- Treffit24 Deittailu","robots":{"index":"index","follow":"follow","max-snippet":"max-snippet:-1","max-image-preview":"max-image-preview:large","max-video-preview":"max-video-preview:-1"},"canonical":"https:\/\/treffit.suomi24.fi\/blogi\/","og_locale":"fi_FI","og_type":"article","og_title":"- Treffit24 Deittailu","og_description":"Tilaa uutiskirje Saat uusimmat Treffit24-kuulumiset suoraan s\u00e4hk\u00f6postiisi! Treffit24 on kotimainen deittipalvelu. Olemme j\u00e4rjest\u00e4neet tuhansia suomalaisia treffej\u00e4 jo vuodesta 2005. Treffeiss\u00e4 on yli&nbsp;40 000&nbsp;aktiivista k\u00e4ytt\u00e4j\u00e4\u00e4 ja rakkaustarinoita syntyy jopa&nbsp;2000&nbsp;kuukaudessa! L\u00f6yd\u00e4 seuraa jo t\u00e4n\u00e4\u00e4n! Treffit24.fi","og_url":"https:\/\/treffit.suomi24.fi\/blogi\/","og_site_name":"Treffit24 Deittailu","article_modified_time":"2023-08-10T11:42:08+00:00","og_image":[{"url":"https:\/\/treffit.suomi24.fi\/blogi\/wp-content\/uploads\/2019\/10\/landing-header_woman_man_lake-1.png","type":"","width":"","height":""}],"twitter_card":"summary_large_image","twitter_misc":{"Arvioitu lukuaika":"1 minuutti"},"schema":{"@context":"https:\/\/schema.org","@graph":[{"@type":"WebPage","@id":"https:\/\/treffit.suomi24.fi\/blogi\/","url":"https:\/\/treffit.suomi24.fi\/blogi\/","name":"- Treffit24 Deittailu","isPartOf":{"@id":"https:\/\/treffit.suomi24.fi\/blogi\/#website"},"primaryImageOfPage":{"@id":"https:\/\/treffit.suomi24.fi\/blogi\/#primaryimage"},"image":{"@id":"https:\/\/treffit.suomi24.fi\/blogi\/#primaryimage"},"thumbnailUrl":"https:\/\/treffit.suomi24.fi\/blogi\/wp-content\/uploads\/2019\/10\/landing-header_woman_man_lake-1.png","datePublished":"2019-10-24T08:41:00+00:00","dateModified":"2023-08-10T11:42:08+00:00","inLanguage":"fi","potentialAction":[{"@type":"ReadAction","target":["https:\/\/treffit.suomi24.fi\/blogi\/"]}]},{"@type":"ImageObject","inLanguage":"fi","@id":"https:\/\/treffit.suomi24.fi\/blogi\/#primaryimage","url":"https:\/\/i0.wp.com\/treffit.suomi24.fi\/blogi\/wp-content\/uploads\/2019\/10\/landing-header_woman_man_lake-1.png?fit=639%2C412&ssl=1","contentUrl":"https:\/\/i0.wp.com\/treffit.suomi24.fi\/blogi\/wp-content\/uploads\/2019\/10\/landing-header_woman_man_lake-1.png?fit=639%2C412&ssl=1","width":639,"height":412},{"@type":"WebSite","@id":"https:\/\/treffit.suomi24.fi\/blogi\/#website","url":"https:\/\/treffit.suomi24.fi\/blogi\/","name":"Treffit24 Deittailu","description":"","publisher":{"@id":"https:\/\/treffit.suomi24.fi\/blogi\/#organization"},"potentialAction":[{"@type":"SearchAction","target":{"@type":"EntryPoint","urlTemplate":"https:\/\/treffit.suomi24.fi\/blogi\/?s={search_term_string}"},"query-input":{"@type":"PropertyValueSpecification","valueRequired":true,"valueName":"search_term_string"}}],"inLanguage":"fi"},{"@type":"Organization","@id":"https:\/\/treffit.suomi24.fi\/blogi\/#organization","name":"Treffit24","url":"https:\/\/treffit.suomi24.fi\/blogi\/","logo":{"@type":"ImageObject","inLanguage":"fi","@id":"https:\/\/treffit.suomi24.fi\/blogi\/#\/schema\/logo\/image\/","url":"https:\/\/treffit.suomi24.fi\/blogi\/wp-content\/uploads\/2021\/04\/cropped-cropped-treffit24_logo_color-2.png","contentUrl":"https:\/\/treffit.suomi24.fi\/blogi\/wp-content\/uploads\/2021\/04\/cropped-cropped-treffit24_logo_color-2.png","width":311,"height":96,"caption":"Treffit24"},"image":{"@id":"https:\/\/treffit.suomi24.fi\/blogi\/#\/schema\/logo\/image\/"}}]}},"jetpack-related-posts":[],"jetpack_sharing_enabled":false,"_links":{"self":[{"href":"https:\/\/treffit.suomi24.fi\/blogi\/wp-json\/wp\/v2\/pages\/8","targetHints":{"allow":["GET"]}}],"collection":[{"href":"https:\/\/treffit.suomi24.fi\/blogi\/wp-json\/wp\/v2\/pages"}],"about":[{"href":"https:\/\/treffit.suomi24.fi\/blogi\/wp-json\/wp\/v2\/types\/page"}],"author":[{"embeddable":true,"href":"https:\/\/treffit.suomi24.fi\/blogi\/wp-json\/wp\/v2\/users\/2"}],"replies":[{"embeddable":true,"href":"https:\/\/treffit.suomi24.fi\/blogi\/wp-json\/wp\/v2\/comments?post=8"}],"version-history":[{"count":10,"href":"https:\/\/treffit.suomi24.fi\/blogi\/wp-json\/wp\/v2\/pages\/8\/revisions"}],"predecessor-version":[{"id":2846,"href":"https:\/\/treffit.suomi24.fi\/blogi\/wp-json\/wp\/v2\/pages\/8\/revisions\/2846"}],"wp:attachment":[{"href":"https:\/\/treffit.suomi24.fi\/blogi\/wp-json\/wp\/v2\/media?parent=8"}],"curies":[{"name":"wp","href":"https:\/\/api.w.org\/{rel}","templated":true}]}}